{"id":6868,"date":"2025-10-26T00:49:23","date_gmt":"2025-10-26T00:49:23","guid":{"rendered":"https:\/\/tokeep.net\/services\/"},"modified":"2025-12-27T06:17:30","modified_gmt":"2025-12-27T11:17:30","slug":"dich-vu","status":"publish","type":"page","link":"https:\/\/tokeep.net\/vi\/dich-vu\/","title":{"rendered":"D\u1ecbch v\u1ee5"},"content":{"rendered":"<div data-elementor-type=\"wp-page\" data-elementor-id=\"6868\" class=\"elementor elementor-6868\" data-elementor-settings=\"{&quot;element_pack_global_tooltip_width&quot;:{&quot;unit&quot;:&quot;px&quot;,&quot;size&quot;:&quot;&quot;,&quot;sizes&quot;:[]},&quot;element_pack_global_tooltip_width_tablet&quot;:{&quot;unit&quot;:&quot;px&quot;,&quot;size&quot;:&quot;&quot;,&quot;sizes&quot;:[]},&quot;element_pack_global_tooltip_width_mobile&quot;:{&quot;unit&quot;:&quot;px&quot;,&quot;size&quot;:&quot;&quot;,&quot;sizes&quot;:[]},&quot;element_pack_global_tooltip_padding&quot;:{&quot;unit&quot;:&quot;px&quot;,&quot;top&quot;:&quot;&quot;,&quot;right&quot;:&quot;&quot;,&quot;bottom&quot;:&quot;&quot;,&quot;left&quot;:&quot;&quot;,&quot;isLinked&quot;:true},&quot;element_pack_global_tooltip_padding_tablet&quot;:{&quot;unit&quot;:&quot;px&quot;,&quot;top&quot;:&quot;&quot;,&quot;right&quot;:&quot;&quot;,&quot;bottom&quot;:&quot;&quot;,&quot;left&quot;:&quot;&quot;,&quot;isLinked&quot;:true},&quot;element_pack_global_tooltip_padding_mobile&quot;:{&quot;unit&quot;:&quot;px&quot;,&quot;top&quot;:&quot;&quot;,&quot;right&quot;:&quot;&quot;,&quot;bottom&quot;:&quot;&quot;,&quot;left&quot;:&quot;&quot;,&quot;isLinked&quot;:true},&quot;element_pack_global_tooltip_border_radius&quot;:{&quot;unit&quot;:&quot;px&quot;,&quot;top&quot;:&quot;&quot;,&quot;right&quot;:&quot;&quot;,&quot;bottom&quot;:&quot;&quot;,&quot;left&quot;:&quot;&quot;,&quot;isLinked&quot;:true},&quot;element_pack_global_tooltip_border_radius_tablet&quot;:{&quot;unit&quot;:&quot;px&quot;,&quot;top&quot;:&quot;&quot;,&quot;right&quot;:&quot;&quot;,&quot;bottom&quot;:&quot;&quot;,&quot;left&quot;:&quot;&quot;,&quot;isLinked&quot;:true},&quot;element_pack_global_tooltip_border_radius_mobile&quot;:{&quot;unit&quot;:&quot;px&quot;,&quot;top&quot;:&quot;&quot;,&quot;right&quot;:&quot;&quot;,&quot;bottom&quot;:&quot;&quot;,&quot;left&quot;:&quot;&quot;,&quot;isLinked&quot;:true}}\" data-elementor-post-type=\"page\">\n\t\t\t\t<div class=\"elementor-element elementor-element-93263f3 e-flex e-con-boxed e-con e-parent\" data-id=\"93263f3\" data-element_type=\"container\" data-settings=\"{&quot;background_background&quot;:&quot;classic&quot;}\">\n\t\t\t\t\t<div class=\"e-con-inner\">\n\t\t<div class=\"elementor-element elementor-element-6c32ff7 e-flex e-con-boxed e-con e-child\" data-id=\"6c32ff7\" data-element_type=\"container\">\n\t\t\t\t\t<div class=\"e-con-inner\">\n\t\t\t\t<div class=\"elementor-element elementor-element-888fcee elementor-widget elementor-widget-heading\" data-id=\"888fcee\" data-element_type=\"widget\" data-widget_type=\"heading.default\">\n\t\t\t\t<div class=\"elementor-widget-container\">\n\t\t\t\t\t<h1 class=\"elementor-heading-title elementor-size-default\">D\u1ecbch v\u1ee5 c\u1ee7a ch\u00fang t\u00f4i<\/h1>\t\t\t\t<\/div>\n\t\t\t\t<\/div>\n\t\t\t\t\t<\/div>\n\t\t\t\t<\/div>\n\t\t\t\t\t<\/div>\n\t\t\t\t<\/div>\n\t\t<div class=\"elementor-element elementor-element-0234917 e-con-full e-flex e-con e-parent\" data-id=\"0234917\" data-element_type=\"container\">\n\t\t\t\t<div class=\"elementor-element elementor-element-8bd9d2b e-n-tabs-mobile elementor-widget elementor-widget-n-tabs\" data-id=\"8bd9d2b\" data-element_type=\"widget\" data-settings=\"{&quot;horizontal_scroll&quot;:&quot;disable&quot;}\" data-widget_type=\"nested-tabs.default\">\n\t\t\t\t<div class=\"elementor-widget-container\">\n\t\t\t\t\t\t\t<div class=\"e-n-tabs\" data-widget-number=\"146644267\" aria-label=\"\u0412\u043a\u043b\u0430\u0434\u043a\u0438. \u041e\u0442\u043a\u0440\u044b\u0432\u0430\u0439\u0442\u0435 \u044d\u043b\u0435\u043c\u0435\u043d\u0442\u044b \u0441 \u043f\u043e\u043c\u043e\u0449\u044c\u044e \u043a\u043b\u0430\u0432\u0438\u0448 Enter \u0438\u043b\u0438 Space, \u0437\u0430\u043a\u0440\u044b\u0432\u0430\u0439\u0442\u0435 \u0441 \u043f\u043e\u043c\u043e\u0449\u044c\u044e Escape \u0438 \u043f\u0435\u0440\u0435\u043c\u0435\u0449\u0430\u0439\u0442\u0435\u0441\u044c \u0441 \u043f\u043e\u043c\u043e\u0449\u044c\u044e \u043a\u043b\u0430\u0432\u0438\u0448 \u0441\u043e \u0441\u0442\u0440\u0435\u043b\u043a\u0430\u043c\u0438.\" data-no-translation-aria-label=\"\">\n\t\t\t<div class=\"e-n-tabs-heading\" role=\"tablist\">\n\t\t\t\t\t<button id=\"e-n-tab-title-1466442671\" class=\"e-n-tab-title\" aria-selected=\"true\" data-tab-index=\"1\" role=\"tab\" tabindex=\"0\" aria-controls=\"e-n-tab-content-1466442671\" style=\"--n-tabs-title-order: 1;\">\n\t\t\t\t\t\t<span class=\"e-n-tab-title-text\">\n\t\t\t\tTin t\u1ee9c\t\t\t<\/span>\n\t\t<\/button>\n\t\t\t\t<button id=\"e-n-tab-title-1466442672\" class=\"e-n-tab-title\" aria-selected=\"false\" data-tab-index=\"2\" role=\"tab\" tabindex=\"-1\" aria-controls=\"e-n-tab-content-1466442672\" style=\"--n-tabs-title-order: 2;\">\n\t\t\t\t\t\t<span class=\"e-n-tab-title-text\">\n\t\t\t\tTab #2\t\t\t<\/span>\n\t\t<\/button>\n\t\t\t\t<button id=\"e-n-tab-title-1466442673\" class=\"e-n-tab-title\" aria-selected=\"false\" data-tab-index=\"3\" role=\"tab\" tabindex=\"-1\" aria-controls=\"e-n-tab-content-1466442673\" style=\"--n-tabs-title-order: 3;\">\n\t\t\t\t\t\t<span class=\"e-n-tab-title-text\">\n\t\t\t\tTab #3\t\t\t<\/span>\n\t\t<\/button>\n\t\t\t\t\t<\/div>\n\t\t\t<div class=\"e-n-tabs-content\">\n\t\t\t\t<div id=\"e-n-tab-content-1466442671\" role=\"tabpanel\" aria-labelledby=\"e-n-tab-title-1466442671\" data-tab-index=\"1\" style=\"--n-tabs-title-order: 1;\" class=\"e-active elementor-element elementor-element-89ceeb2 e-con-full e-flex e-con e-child\" data-id=\"89ceeb2\" data-element_type=\"container\">\n\t\t<div class=\"elementor-element elementor-element-30cc606 e-con-full e-flex e-con e-child\" data-id=\"30cc606\" data-element_type=\"container\">\n\t\t\t\t<div class=\"elementor-element elementor-element-969720d elementor-widget elementor-widget-bdt-post-block\" data-id=\"969720d\" data-element_type=\"widget\" data-widget_type=\"bdt-post-block.default\">\n\t\t\t\t<div class=\"elementor-widget-container\">\n\t\t\t\t\t\t\t\t<div id=\"bdtpbm_69e1f1a8ea0b5\" class=\"bdt-post-block bdt-grid bdt-grid-match skin-base\" data-bdt-grid=\"\">\n\n\t\t\t\t\t\t\t\t\t\t<div class=\"bdt-width-1-2@m\">\n\t\t\t\t\t\t\n\t\t\t\t\t\t\t\t\t\t\t\t\n\t\t\t\t\t\t\t<div class=\"bdt-post-block-item featured-part bdt-width-1-1@m bdt-margin\">\n\t\t\t\t\t\t\t\t<div class=\"bdt-post-block-img-wrapper bdt-margin-bottom\">\n\t\t\t\t\t\t\t\t\t<a href=\"https:\/\/tokeep.net\/vi\/nhung-nguy-co-cua-mach-dien-bi-chap-afci-la-gi\/\" title=\"Nh\u1eefng nguy hi\u1ec3m c\u1ee7a m\u1ea1ch ng\u1eafn (AFCI) l\u00e0 g\u00ec?\">\n\t\t\t\t\t\t\t\t\t\t<img fetchpriority=\"high\" decoding=\"async\" width=\"1024\" height=\"576\" src=\"https:\/\/tokeep.net\/wp-content\/uploads\/2025\/12\/\u6545\u969c\u7535\u5f27\u7535\u5668\u635f\u574f\u56fe\u7247-4-1024x576.jpg\" class=\"attachment-large size-large\" alt=\"Nh\u1eefng nguy hi\u1ec3m c\u1ee7a m\u1ea1ch ng\u1eafn (AFCI) l\u00e0 g\u00ec?\" srcset=\"\" sizes=\"(max-width: 1024px) 100vw, 1024px\" data-srcset=\"\" \/>\t\t\t\t\t\t\t\t\t<\/a>\n\t\t\t\t\t\t\t\t<\/div>\n\n\t\t\t\t\t\t\t\t<div class=\"bdt-post-block-desc\">\n\n\t\t\t\t\t\t\t\t\t\t\t\t\t\t\t\t\t\t\t<h4 class=\"bdt-post-block-title\">\n\t\t\t\t\t\t\t\t\t\t\t<a href=\"https:\/\/tokeep.net\/vi\/nhung-nguy-co-cua-mach-dien-bi-chap-afci-la-gi\/\" class=\"bdt-post-block-link\" title=\"Nh\u1eefng nguy hi\u1ec3m c\u1ee7a m\u1ea1ch ng\u1eafn (AFCI) l\u00e0 g\u00ec?\">Nh\u1eefng nguy hi\u1ec3m c\u1ee7a m\u1ea1ch ng\u1eafn (AFCI) l\u00e0 g\u00ec?<\/a>\n\t\t\t\t\t\t\t\t\t\t<\/h4>\n\t\t\t\t\t\t\t\t\t\n\t\t\t\t\t\t\t\t\t\n\t\t\t\t\t\t\t\t\t\t<div class=\"bdt-post-block-meta bdt-subnav bdt-flex-middle\">\n\t\t\t\t\t\t\t\t\t\t\t<span>Ng\u00e0y 3 th\u00e1ng 12 n\u0103m 2025<\/span>\n\t\t\t\t\t\t\t\t\t\t\t\t\t\t\t\t\t\t\t\t\t\t\t<span><a href=\"https:\/\/tokeep.net\/vi\/danh-muc\/blog\/\" rel=\"category tag\">Blog<\/a>, <a href=\"https:\/\/tokeep.net\/vi\/danh-muc\/tin-tuc\/\" rel=\"category tag\">Tin t\u1ee9c<\/a><\/span>\t\t\t\t\t\t\t\t\t\t\t\n\t\t\t\t\t\t\t\t\t\t<\/div>\n\n\t\t\t\t\t\t\t\t\t\n\t\t\t\t\t\t\t\t\t\t\t<div class=\"bdt-post-block-excerpt\">\n\t\t\t<p>C\u00e1c m\u1ea1ch \u0111i\u1ec7n b\u1ecb ch\u1eadp (AFCI) xu\u1ea5t ph\u00e1t t\u1eeb \u0111\u00e2u? Ch\u00fang nguy hi\u1ec3m h\u01a1n b\u1ea1n ngh\u0129! B\u1ea1n c\u00f3 ngh\u0129 r\u1eb1ng vi\u1ec7c l\u1eafp \u0111\u1eb7t c\u00e1c c\u1ea7u dao v\u00e0 thi\u1ebft b\u1ecb ng\u1eaft m\u1ea1ch ch\u1eadp \u0111i\u1ec7n t\u1ea1i nh\u00e0 \u0111\u00e3 \u0111\u1ea3m b\u1ea3o an to\u00e0n tuy\u1ec7t \u0111\u1ed1i? Tr\u00ean th\u1ef1c t\u1ebf, c\u00f3 m\u1ed9t \u201ck\u1ebb g\u00e2y ch\u00e1y\u201d \u1ea9n n\u00e1u trong h\u1ec7 th\u1ed1ng \u0111i\u1ec7n c\u1ee7a b\u1ea1n - \u0111\u00f3 ch\u00ednh l\u00e0 m\u1ea1ch \u0111i\u1ec7n b\u1ecb ch\u1eadp. Kh\u00e1c v\u1edbi qu\u00e1 t\u1ea3i ho\u1eb7c d\u00f2ng \u0111i\u1ec7n r\u00f2 r\u1ec9, n\u00f3 kh\u00f4ng d\u1ec5 d\u00e0ng nh\u1eadn ra, nh\u01b0ng th\u01b0\u1eddng l\u00e0 nguy\u00ean nh\u00e2n g\u00e2y ra c\u00e1c v\u1ee5 ch\u00e1y.<\/p>\n\t\t<\/div>\n\t\t\n\t\t\t\t\t\t\t\t\t\t\t\t\t\t\t\t\t\t\t<a href=\"https:\/\/tokeep.net\/vi\/nhung-nguy-co-cua-mach-dien-bi-chap-afci-la-gi\/\" class=\"bdt-post-block-read-more bdt-link-reset\">\u0110\u1ecdc th\u00eam\n\t\t\t\t\t\t\t\t\t\t\t\t\t\t\t\t\t\t\t\t\t<\/a>\n\t\t\t\t\t\t\t\t\t\t\t\t\t\t\t\t\t<\/div>\n\t\t\t\t\t\t\t<\/div>\n\n\t\t\t\t\t\t\t\n\t\t\t\t\t\t<\/div>\n\n\t\t\t\t\t\t<div class=\"bdt-width-1-2@m\" data-bdt-scrollspy=\"cls: bdt-animation-fade; target: > ul > .bdt-post-block-item; delay: 350;\">\n\t\t\t\t\t\t\t<ul class=\"bdt-list bdt-list-large bdt-list-divider\">\n\n\t\t\t\t\t\t\t\n\t\t\t\t\t\t\n\t\t\t\t\t\t\t\t\t\t\t\t\t\t\t\t\t\t\t<li class=\"bdt-post-block-item list-part\">\n\t\t\t\t\t\t\t\t<div class=\"bdt-grid bdt-grid-small\" data-bdt-grid>\n\t\t\t\t\t\t\t\t\t<div class=\"bdt-post-block-thumbnail bdt-width-auto\">\n\t\t\t\t\t\t\t\t\t\t<a href=\"https:\/\/tokeep.net\/vi\/vai-tro-cua-bo-bao-ve-qua-ap-va-duoi-ap-tu-dong-reset-la-gi\/\" title=\"Vai tr\u00f2 c\u1ee7a b\u1ed9 b\u1ea3o v\u1ec7 qu\u00e1 \u00e1p v\u00e0 d\u01b0\u1edbi \u00e1p t\u1ef1 \u0111\u1ed9ng reset l\u00e0 g\u00ec?\">\n\t\t\t\t\t\t\t\t\t\t\t<img decoding=\"async\" width=\"150\" height=\"150\" src=\"https:\/\/tokeep.net\/wp-content\/uploads\/2025\/10\/JGGQ-80-1-150x150.jpg\" class=\"attachment-thumbnail size-thumbnail\" alt=\"Vai tr\u00f2 c\u1ee7a b\u1ed9 b\u1ea3o v\u1ec7 qu\u00e1 \u00e1p v\u00e0 d\u01b0\u1edbi \u00e1p t\u1ef1 \u0111\u1ed9ng reset l\u00e0 g\u00ec?\" srcset=\"https:\/\/tokeep.net\/wp-content\/uploads\/2025\/10\/JGGQ-80-1-150x150.jpg 150w, https:\/\/tokeep.net\/wp-content\/uploads\/2025\/10\/JGGQ-80-1-300x300.jpg 300w, https:\/\/tokeep.net\/wp-content\/uploads\/2025\/10\/JGGQ-80-1-768x768.jpg 768w, https:\/\/tokeep.net\/wp-content\/uploads\/2025\/10\/JGGQ-80-1-12x12.jpg 12w, https:\/\/tokeep.net\/wp-content\/uploads\/2025\/10\/JGGQ-80-1.jpg 800w\" sizes=\"(max-width: 150px) 100vw, 150px\" \/>\t\t\t\t\t\t\t\t\t\t<\/a>\n\t\t\t\t\t\t\t\t\t<\/div>\n\t\t\t\t\t\t\t\t\t<div class=\"bdt-post-block-desc bdt-width-expand\">\n\t\t\t\t\t\t\t\t\t\t\t\t\t\t\t\t\t\t\t\t\t<h4 class=\"bdt-post-block-title\">\n\t\t\t\t\t\t\t\t\t\t\t\t<a href=\"https:\/\/tokeep.net\/vi\/vai-tro-cua-bo-bao-ve-qua-ap-va-duoi-ap-tu-dong-reset-la-gi\/\" class=\"bdt-post-block-link\" title=\"Vai tr\u00f2 c\u1ee7a b\u1ed9 b\u1ea3o v\u1ec7 qu\u00e1 \u00e1p v\u00e0 d\u01b0\u1edbi \u00e1p t\u1ef1 \u0111\u1ed9ng reset l\u00e0 g\u00ec?\">Vai tr\u00f2 c\u1ee7a b\u1ed9 b\u1ea3o v\u1ec7 qu\u00e1 \u00e1p v\u00e0 d\u01b0\u1edbi \u00e1p t\u1ef1 \u0111\u1ed9ng reset l\u00e0 g\u00ec?<\/a>\n\t\t\t\t\t\t\t\t\t\t\t<\/h4>\n\t\t\t\t\t\t\t\t\t\t\n\t\t\t\t\t\t\t\t\t\t\n\t\t\t\t\t\t\t\t\t\t\t<div class=\"bdt-post-block-meta bdt-subnav bdt-flex-middle\">\n\t\t\t\t\t\t\t\t\t\t\t\t<span>Ng\u00e0y 30 th\u00e1ng 10 n\u0103m 2025<\/span>\n\t\t\t\t\t\t\t\t\t\t\t\t\n\t\t\t\t\t\t\t\t\t\t\t<\/div>\n\t\t\t\t\t\t\t\t\t\t\t\t\t\t\t\t\t\t\t<\/div>\n\t\t\t\t\t\t\t\t<\/div>\n\t\t\t\t\t\t\t<\/li>\n\t\t\t\t\t\n\t\t\t\t\t\t\t\t\t\t\t\t\t\t\t\t\t\t\t<li class=\"bdt-post-block-item list-part\">\n\t\t\t\t\t\t\t\t<div class=\"bdt-grid bdt-grid-small\" data-bdt-grid>\n\t\t\t\t\t\t\t\t\t<div class=\"bdt-post-block-thumbnail bdt-width-auto\">\n\t\t\t\t\t\t\t\t\t\t<a href=\"https:\/\/tokeep.net\/vi\/bo-bao-ve-do-luong-nang-luong-tu-dong-tai-ket-noi-cua-thiet-bi-thu-nghiem-jgdl-63\/\" title=\"B\u1ed9 b\u1ea3o v\u1ec7 \u0111o l\u01b0\u1eddng n\u0103ng l\u01b0\u1ee3ng t\u1ef1 \u0111\u1ed9ng t\u00e1i k\u1ebft n\u1ed1i c\u1ee7a Test JGDL-63\">\n\t\t\t\t\t\t\t\t\t\t\t<img decoding=\"async\" src=\"https:\/\/tokeep.net\/wp-content\/plugins\/elementor\/assets\/images\/placeholder.png\" alt=\"B\u1ed9 b\u1ea3o v\u1ec7 \u0111o l\u01b0\u1eddng n\u0103ng l\u01b0\u1ee3ng t\u1ef1 \u0111\u1ed9ng t\u00e1i k\u1ebft n\u1ed1i c\u1ee7a Test JGDL-63\">\t\t\t\t\t\t\t\t\t\t<\/a>\n\t\t\t\t\t\t\t\t\t<\/div>\n\t\t\t\t\t\t\t\t\t<div class=\"bdt-post-block-desc bdt-width-expand\">\n\t\t\t\t\t\t\t\t\t\t\t\t\t\t\t\t\t\t\t\t\t<h4 class=\"bdt-post-block-title\">\n\t\t\t\t\t\t\t\t\t\t\t\t<a href=\"https:\/\/tokeep.net\/vi\/bo-bao-ve-do-luong-nang-luong-tu-dong-tai-ket-noi-cua-thiet-bi-thu-nghiem-jgdl-63\/\" class=\"bdt-post-block-link\" title=\"B\u1ed9 b\u1ea3o v\u1ec7 \u0111o l\u01b0\u1eddng n\u0103ng l\u01b0\u1ee3ng t\u1ef1 \u0111\u1ed9ng t\u00e1i k\u1ebft n\u1ed1i c\u1ee7a Test JGDL-63\">B\u1ed9 b\u1ea3o v\u1ec7 \u0111o l\u01b0\u1eddng n\u0103ng l\u01b0\u1ee3ng t\u1ef1 \u0111\u1ed9ng t\u00e1i k\u1ebft n\u1ed1i c\u1ee7a Test JGDL-63<\/a>\n\t\t\t\t\t\t\t\t\t\t\t<\/h4>\n\t\t\t\t\t\t\t\t\t\t\n\t\t\t\t\t\t\t\t\t\t\n\t\t\t\t\t\t\t\t\t\t\t<div class=\"bdt-post-block-meta bdt-subnav bdt-flex-middle\">\n\t\t\t\t\t\t\t\t\t\t\t\t<span>Ng\u00e0y 29 th\u00e1ng 10 n\u0103m 2025<\/span>\n\t\t\t\t\t\t\t\t\t\t\t\t\n\t\t\t\t\t\t\t\t\t\t\t<\/div>\n\t\t\t\t\t\t\t\t\t\t\t\t\t\t\t\t\t\t\t<\/div>\n\t\t\t\t\t\t\t\t<\/div>\n\t\t\t\t\t\t\t<\/li>\n\t\t\t\t\t\n\t\t\t\t\t\t\t\t\t\t\t\t\t\t\t\t\t\t\t<li class=\"bdt-post-block-item list-part\">\n\t\t\t\t\t\t\t\t<div class=\"bdt-grid bdt-grid-small\" data-bdt-grid>\n\t\t\t\t\t\t\t\t\t<div class=\"bdt-post-block-thumbnail bdt-width-auto\">\n\t\t\t\t\t\t\t\t\t\t<a href=\"https:\/\/tokeep.net\/vi\/tai-sao-mach-co-bo-bao-ve-qua-ap-tu-dong-reset-khong-khoi-dong-ngay-lap-tuc\/\" title=\"T\u1ea1i sao m\u1ea1ch c\u00f3 b\u1ed9 b\u1ea3o v\u1ec7 qu\u00e1 \u00e1p t\u1ef1 \u0111\u1ed9ng reset kh\u00f4ng kh\u1edfi \u0111\u1ed9ng ngay l\u1eadp t\u1ee9c?\">\n\t\t\t\t\t\t\t\t\t\t\t<img decoding=\"async\" width=\"150\" height=\"150\" src=\"https:\/\/tokeep.net\/wp-content\/uploads\/2025\/10\/\u5fae\u4fe1\u56fe\u7247_2025-08-22_141045_203-150x150.png\" class=\"attachment-thumbnail size-thumbnail\" alt=\"T\u1ea1i sao m\u1ea1ch c\u00f3 b\u1ed9 b\u1ea3o v\u1ec7 qu\u00e1 \u00e1p t\u1ef1 \u0111\u1ed9ng reset kh\u00f4ng kh\u1edfi \u0111\u1ed9ng ngay l\u1eadp t\u1ee9c?\" srcset=\"\" sizes=\"(max-width: 150px) 100vw, 150px\" data-srcset=\"\" \/>\t\t\t\t\t\t\t\t\t\t<\/a>\n\t\t\t\t\t\t\t\t\t<\/div>\n\t\t\t\t\t\t\t\t\t<div class=\"bdt-post-block-desc bdt-width-expand\">\n\t\t\t\t\t\t\t\t\t\t\t\t\t\t\t\t\t\t\t\t\t<h4 class=\"bdt-post-block-title\">\n\t\t\t\t\t\t\t\t\t\t\t\t<a href=\"https:\/\/tokeep.net\/vi\/tai-sao-mach-co-bo-bao-ve-qua-ap-tu-dong-reset-khong-khoi-dong-ngay-lap-tuc\/\" class=\"bdt-post-block-link\" title=\"T\u1ea1i sao m\u1ea1ch c\u00f3 b\u1ed9 b\u1ea3o v\u1ec7 qu\u00e1 \u00e1p t\u1ef1 \u0111\u1ed9ng reset kh\u00f4ng kh\u1edfi \u0111\u1ed9ng ngay l\u1eadp t\u1ee9c?\">T\u1ea1i sao m\u1ea1ch c\u00f3 b\u1ed9 b\u1ea3o v\u1ec7 qu\u00e1 \u00e1p t\u1ef1 \u0111\u1ed9ng reset kh\u00f4ng kh\u1edfi \u0111\u1ed9ng ngay l\u1eadp t\u1ee9c?<\/a>\n\t\t\t\t\t\t\t\t\t\t\t<\/h4>\n\t\t\t\t\t\t\t\t\t\t\n\t\t\t\t\t\t\t\t\t\t\n\t\t\t\t\t\t\t\t\t\t\t<div class=\"bdt-post-block-meta bdt-subnav bdt-flex-middle\">\n\t\t\t\t\t\t\t\t\t\t\t\t<span>Ng\u00e0y 29 th\u00e1ng 10 n\u0103m 2025<\/span>\n\t\t\t\t\t\t\t\t\t\t\t\t\n\t\t\t\t\t\t\t\t\t\t\t<\/div>\n\t\t\t\t\t\t\t\t\t\t\t\t\t\t\t\t\t\t\t<\/div>\n\t\t\t\t\t\t\t\t<\/div>\n\t\t\t\t\t\t\t<\/li>\n\t\t\t\t\t\n\t\t\t\t\t\t\t\t\t\t\t\t\t\t\t\t\t\t\t<li class=\"bdt-post-block-item list-part\">\n\t\t\t\t\t\t\t\t<div class=\"bdt-grid bdt-grid-small\" data-bdt-grid>\n\t\t\t\t\t\t\t\t\t<div class=\"bdt-post-block-thumbnail bdt-width-auto\">\n\t\t\t\t\t\t\t\t\t\t<a href=\"https:\/\/tokeep.net\/vi\/choose-high-quality-voltage-protectors\/\" title=\"Ch\u1ecdn c\u00e1c thi\u1ebft b\u1ecb b\u1ea3o v\u1ec7 \u0111i\u1ec7n \u00e1p ch\u1ea5t l\u01b0\u1ee3ng cao\">\n\t\t\t\t\t\t\t\t\t\t\t<img loading=\"lazy\" decoding=\"async\" width=\"150\" height=\"150\" src=\"https:\/\/tokeep.net\/wp-content\/uploads\/2025\/10\/\u624b\u673a\u9996\u56fe-2-150x150.jpg\" class=\"attachment-thumbnail size-thumbnail\" alt=\"Ch\u1ecdn c\u00e1c thi\u1ebft b\u1ecb b\u1ea3o v\u1ec7 \u0111i\u1ec7n \u00e1p ch\u1ea5t l\u01b0\u1ee3ng cao\" \/>\t\t\t\t\t\t\t\t\t\t<\/a>\n\t\t\t\t\t\t\t\t\t<\/div>\n\t\t\t\t\t\t\t\t\t<div class=\"bdt-post-block-desc bdt-width-expand\">\n\t\t\t\t\t\t\t\t\t\t\t\t\t\t\t\t\t\t\t\t\t<h4 class=\"bdt-post-block-title\">\n\t\t\t\t\t\t\t\t\t\t\t\t<a href=\"https:\/\/tokeep.net\/vi\/choose-high-quality-voltage-protectors\/\" class=\"bdt-post-block-link\" title=\"Ch\u1ecdn c\u00e1c thi\u1ebft b\u1ecb b\u1ea3o v\u1ec7 \u0111i\u1ec7n \u00e1p ch\u1ea5t l\u01b0\u1ee3ng cao\">Ch\u1ecdn c\u00e1c thi\u1ebft b\u1ecb b\u1ea3o v\u1ec7 \u0111i\u1ec7n \u00e1p ch\u1ea5t l\u01b0\u1ee3ng cao<\/a>\n\t\t\t\t\t\t\t\t\t\t\t<\/h4>\n\t\t\t\t\t\t\t\t\t\t\n\t\t\t\t\t\t\t\t\t\t\n\t\t\t\t\t\t\t\t\t\t\t<div class=\"bdt-post-block-meta bdt-subnav bdt-flex-middle\">\n\t\t\t\t\t\t\t\t\t\t\t\t<span>Ng\u00e0y 13 th\u00e1ng 10 n\u0103m 2025<\/span>\n\t\t\t\t\t\t\t\t\t\t\t\t\n\t\t\t\t\t\t\t\t\t\t\t<\/div>\n\t\t\t\t\t\t\t\t\t\t\t\t\t\t\t\t\t\t\t<\/div>\n\t\t\t\t\t\t\t\t<\/div>\n\t\t\t\t\t\t\t<\/li>\n\t\t\t\t\t\t\t\t\t\t\t\t<\/ul>\n\t\t\t\t\t\t<\/div>\n\t\t\t<\/div>\n\n\t\t\t\t<\/div>\n\t\t\t\t<\/div>\n\t\t\t\t<\/div>\n\t\t\t\t<\/div>\n\t\t<div id=\"e-n-tab-content-1466442672\" role=\"tabpanel\" aria-labelledby=\"e-n-tab-title-1466442672\" data-tab-index=\"2\" style=\"--n-tabs-title-order: 2;\" class=\"elementor-element elementor-element-e11091c e-con-full e-flex e-con e-child\" data-id=\"e11091c\" data-element_type=\"container\">\n\t\t\t\t<\/div>\n\t\t<div id=\"e-n-tab-content-1466442673\" role=\"tabpanel\" aria-labelledby=\"e-n-tab-title-1466442673\" data-tab-index=\"3\" style=\"--n-tabs-title-order: 3;\" class=\"elementor-element elementor-element-08f04cc e-con-full e-flex e-con e-child\" data-id=\"08f04cc\" data-element_type=\"container\">\n\t\t\t\t<\/div>\n\t\t\t\t\t<\/div>\n\t\t<\/div>\n\t\t\t\t\t\t<\/div>\n\t\t\t\t<\/div>\n\t\t\t\t<\/div>\n\t\t\t\t<\/div>","protected":false},"excerpt":{"rendered":"<p>our services News Tab #2 Tab #3 What are the hazards of fault arc\uff08AFCI\uff09? 3 12 \u6708, 2025 Blog, News Where do fault arcs (AFCI)come from? They&#8217;re more dangerous than you think! Do you assume that installing circuit breakers and ground fault circuit interrupters at home means you&#8217;re completely safe? In reality, there&#8217;s a more [&hellip;]<\/p>","protected":false},"author":1,"featured_media":0,"parent":0,"menu_order":0,"comment_status":"closed","ping_status":"closed","template":"","meta":{"_acf_changed":false,"site-sidebar-layout":"no-sidebar","site-content-layout":"page-builder","ast-site-content-layout":"default","site-content-style":"default","site-sidebar-style":"default","ast-global-header-display":"","ast-banner-title-visibility":"","ast-main-header-display":"","ast-hfb-above-header-display":"","ast-hfb-below-header-display":"","ast-hfb-mobile-header-display":"","site-post-title":"disabled","ast-breadcrumbs-content":"","ast-featured-img":"disabled","footer-sml-layout":"","theme-transparent-header-meta":"enabled","adv-header-id-meta":"","stick-header-meta":"","header-above-stick-meta":"","header-main-stick-meta":"","header-below-stick-meta":"","astra-migrate-meta-layouts":"default","ast-page-background-enabled":"default","ast-page-background-meta":{"desktop":{"background-color":"var(--ast-global-color-4)","background-image":"","background-repeat":"repeat","background-position":"center center","background-size":"auto","background-attachment":"scroll","background-type":"","background-media":"","overlay-type":"","overlay-color":"","overlay-opacity":"","overlay-gradient":""},"tablet":{"background-color":"","background-image":"","background-repeat":"repeat","background-position":"center center","background-size":"auto","background-attachment":"scroll","background-type":"","background-media":"","overlay-type":"","overlay-color":"","overlay-opacity":"","overlay-gradient":""},"mobile":{"background-color":"","background-image":"","background-repeat":"repeat","background-position":"center center","background-size":"auto","background-attachment":"scroll","background-type":"","background-media":"","overlay-type":"","overlay-color":"","overlay-opacity":"","overlay-gradient":""}},"ast-content-background-meta":{"desktop":{"background-color":"var(--ast-global-color-5)","background-image":"","background-repeat":"repeat","background-position":"center center","background-size":"auto","background-attachment":"scroll","background-type":"","background-media":"","overlay-type":"","overlay-color":"","overlay-opacity":"","overlay-gradient":""},"tablet":{"background-color":"var(--ast-global-color-5)","background-image":"","background-repeat":"repeat","background-position":"center center","background-size":"auto","background-attachment":"scroll","background-type":"","background-media":"","overlay-type":"","overlay-color":"","overlay-opacity":"","overlay-gradient":""},"mobile":{"background-color":"var(--ast-global-color-5)","background-image":"","background-repeat":"repeat","background-position":"center center","background-size":"auto","background-attachment":"scroll","background-type":"","background-media":"","overlay-type":"","overlay-color":"","overlay-opacity":"","overlay-gradient":""}},"footnotes":"","_seo_title":"","_seo_keywords":"\u00a0DC Circuit Breakers, DC Surge Protection\u00a0Device, DC\u00a0surge protector\u00a0(DC SPD)","_seo_description":"To be a leading innovator in smart electronics, providing high-quality solutions that drive technological progress and ensure a safe,"},"class_list":["post-6868","page","type-page","status-publish","hentry"],"acf":[],"seo_title":"","seo_keywords":"\u00a0DC Circuit Breakers, DC Surge Protection\u00a0Device, DC\u00a0surge protector\u00a0(DC SPD)","seo_description":"To be a leading innovator in smart electronics, providing high-quality solutions that drive technological progress and ensure a safe,","seo_score":0,"_links":{"self":[{"href":"https:\/\/tokeep.net\/vi\/wp-json\/wp\/v2\/pages\/6868","targetHints":{"allow":["GET"]}}],"collection":[{"href":"https:\/\/tokeep.net\/vi\/wp-json\/wp\/v2\/pages"}],"about":[{"href":"https:\/\/tokeep.net\/vi\/wp-json\/wp\/v2\/types\/page"}],"author":[{"embeddable":true,"href":"https:\/\/tokeep.net\/vi\/wp-json\/wp\/v2\/users\/1"}],"replies":[{"embeddable":true,"href":"https:\/\/tokeep.net\/vi\/wp-json\/wp\/v2\/comments?post=6868"}],"version-history":[{"count":0,"href":"https:\/\/tokeep.net\/vi\/wp-json\/wp\/v2\/pages\/6868\/revisions"}],"wp:attachment":[{"href":"https:\/\/tokeep.net\/vi\/wp-json\/wp\/v2\/media?parent=6868"}],"curies":[{"name":"wp","href":"https:\/\/api.w.org\/{rel}","templated":true}]}}