{"id":6867,"date":"2025-10-26T00:49:23","date_gmt":"2025-10-26T00:49:23","guid":{"rendered":"https:\/\/tokeep.net\/about\/"},"modified":"2025-12-27T06:11:32","modified_gmt":"2025-12-27T11:11:32","slug":"hakkinda","status":"publish","type":"page","link":"https:\/\/tokeep.net\/tr\/hakkinda\/","title":{"rendered":"Hakk\u0131nda"},"content":{"rendered":"<div data-elementor-type=\"wp-page\" data-elementor-id=\"6867\" class=\"elementor elementor-6867\" data-elementor-settings=\"{&quot;element_pack_global_tooltip_width&quot;:{&quot;unit&quot;:&quot;px&quot;,&quot;size&quot;:&quot;&quot;,&quot;sizes&quot;:[]},&quot;element_pack_global_tooltip_width_tablet&quot;:{&quot;unit&quot;:&quot;px&quot;,&quot;size&quot;:&quot;&quot;,&quot;sizes&quot;:[]},&quot;element_pack_global_tooltip_width_mobile&quot;:{&quot;unit&quot;:&quot;px&quot;,&quot;size&quot;:&quot;&quot;,&quot;sizes&quot;:[]},&quot;element_pack_global_tooltip_padding&quot;:{&quot;unit&quot;:&quot;px&quot;,&quot;top&quot;:&quot;&quot;,&quot;right&quot;:&quot;&quot;,&quot;bottom&quot;:&quot;&quot;,&quot;left&quot;:&quot;&quot;,&quot;isLinked&quot;:true},&quot;element_pack_global_tooltip_padding_tablet&quot;:{&quot;unit&quot;:&quot;px&quot;,&quot;top&quot;:&quot;&quot;,&quot;right&quot;:&quot;&quot;,&quot;bottom&quot;:&quot;&quot;,&quot;left&quot;:&quot;&quot;,&quot;isLinked&quot;:true},&quot;element_pack_global_tooltip_padding_mobile&quot;:{&quot;unit&quot;:&quot;px&quot;,&quot;top&quot;:&quot;&quot;,&quot;right&quot;:&quot;&quot;,&quot;bottom&quot;:&quot;&quot;,&quot;left&quot;:&quot;&quot;,&quot;isLinked&quot;:true},&quot;element_pack_global_tooltip_border_radius&quot;:{&quot;unit&quot;:&quot;px&quot;,&quot;top&quot;:&quot;&quot;,&quot;right&quot;:&quot;&quot;,&quot;bottom&quot;:&quot;&quot;,&quot;left&quot;:&quot;&quot;,&quot;isLinked&quot;:true},&quot;element_pack_global_tooltip_border_radius_tablet&quot;:{&quot;unit&quot;:&quot;px&quot;,&quot;top&quot;:&quot;&quot;,&quot;right&quot;:&quot;&quot;,&quot;bottom&quot;:&quot;&quot;,&quot;left&quot;:&quot;&quot;,&quot;isLinked&quot;:true},&quot;element_pack_global_tooltip_border_radius_mobile&quot;:{&quot;unit&quot;:&quot;px&quot;,&quot;top&quot;:&quot;&quot;,&quot;right&quot;:&quot;&quot;,&quot;bottom&quot;:&quot;&quot;,&quot;left&quot;:&quot;&quot;,&quot;isLinked&quot;:true}}\" data-elementor-post-type=\"page\">\n\t\t\t\t<div class=\"elementor-element elementor-element-dcfb448 e-flex e-con-boxed e-con e-parent\" data-id=\"dcfb448\" data-element_type=\"container\" data-settings=\"{&quot;background_background&quot;:&quot;classic&quot;}\">\n\t\t\t\t\t<div class=\"e-con-inner\">\n\t\t<div class=\"elementor-element elementor-element-d21b7e0 e-flex e-con-boxed e-con e-child\" data-id=\"d21b7e0\" data-element_type=\"container\">\n\t\t\t\t\t<div class=\"e-con-inner\">\n\t\t\t\t<div class=\"elementor-element elementor-element-e9fd9dc elementor-widget elementor-widget-heading\" data-id=\"e9fd9dc\" data-element_type=\"widget\" data-widget_type=\"heading.default\">\n\t\t\t\t<div class=\"elementor-widget-container\">\n\t\t\t\t\t<h1 class=\"elementor-heading-title elementor-size-default\">hakkimizda<\/h1>\t\t\t\t<\/div>\n\t\t\t\t<\/div>\n\t\t\t\t\t<\/div>\n\t\t\t\t<\/div>\n\t\t\t\t\t<\/div>\n\t\t\t\t<\/div>\n\t\t<div class=\"elementor-element elementor-element-2909790 e-flex e-con-boxed e-con e-parent\" data-id=\"2909790\" data-element_type=\"container\">\n\t\t\t\t\t<div class=\"e-con-inner\">\n\t\t\t\t<div class=\"elementor-element elementor-element-fee311b elementor-widget__width-initial elementor-widget elementor-widget-heading\" data-id=\"fee311b\" data-element_type=\"widget\" data-widget_type=\"heading.default\">\n\t\t\t\t<div class=\"elementor-widget-container\">\n\t\t\t\t\t<h2 class=\"elementor-heading-title elementor-size-default\">ABD Hakk\u0131nda<\/h2>\t\t\t\t<\/div>\n\t\t\t\t<\/div>\n\t\t\t\t\t<\/div>\n\t\t\t\t<\/div>\n\t\t<div class=\"elementor-element elementor-element-2d55b80 e-flex e-con-boxed e-con e-parent\" data-id=\"2d55b80\" data-element_type=\"container\">\n\t\t\t\t\t<div class=\"e-con-inner\">\n\t\t<div class=\"elementor-element elementor-element-e5cc115 e-con-full e-flex e-con e-child\" data-id=\"e5cc115\" data-element_type=\"container\">\n\t\t\t\t<div class=\"elementor-element elementor-element-4036686 elementor-widget elementor-widget-heading\" data-id=\"4036686\" data-element_type=\"widget\" data-widget_type=\"heading.default\">\n\t\t\t\t<div class=\"elementor-widget-container\">\n\t\t\t\t\t<h2 class=\"elementor-heading-title elementor-size-default\">K\u0131sa tan\u0131t\u0131m<\/h2>\t\t\t\t<\/div>\n\t\t\t\t<\/div>\n\t\t\t\t<div class=\"elementor-element elementor-element-239ee73 elementor-widget elementor-widget-text-editor\" data-id=\"239ee73\" data-element_type=\"widget\" data-widget_type=\"text-editor.default\">\n\t\t\t\t<div class=\"elementor-widget-container\">\n\t\t\t\t\t\t\t\t\t<p>\u00a0 \u00a0 \u00a0 \u00a0 Wenzhou Jiangguang Electric Technology Co. (Jiangguang Electric olarak an\u0131lacakt\u0131r) ak\u0131ll\u0131 elektronik cihazlar\u0131n ara\u015ft\u0131rma, tasar\u0131m, \u00fcretim ve servisine odaklanan bir \u015firkettir. Standardizasyon, mod\u00fclerle\u015ftirme ve zeka, \u015firketin \u00fcr\u00fcn tasar\u0131m\u0131n\u0131n geli\u015fim y\u00f6nleridir. \u00dcr\u00fcnler daha fazla avantaja, daha eksiksiz koruma i\u015flevlerine ve daha do\u011fru ve istikrarl\u0131 ger\u00e7ek zamanl\u0131 kontrole sahiptir. Profesyonel seviyesi, y\u0131llar\u0131n \u00fcretim deneyimi ve olgun teknolojisi ile sekt\u00f6rde her zaman bir teknoloji lideri olmu\u015ftur.<\/p><p>\u00a0\u00a0\u00a0 \u00a0 \u00a0 Ana \u00fcr\u00fcnler: Yang\u0131ndan korunma ak\u0131m s\u0131n\u0131rlama alarm koruyucusu, \u00f6l\u00e7\u00fcm ak\u0131m\u0131 s\u0131n\u0131rlama koruyucusu, se\u00e7ici g\u00fc\u00e7 s\u0131n\u0131rlama koruyucusu, ak\u0131m s\u0131n\u0131rlama \u015farj s\u0131n\u0131rlama koruyucusu, kendinden s\u0131f\u0131rlamal\u0131 a\u015f\u0131r\u0131 gerilim ve d\u00fc\u015f\u00fck gerilim koruyucusu, \u00fc\u00e7 fazl\u0131 d\u00f6rt telli kendinden s\u0131f\u0131rlamal\u0131 a\u015f\u0131r\u0131 gerilim ve d\u00fc\u015f\u00fck gerilim koruyucusu, kontrol ve koruma anahtar\u0131, \u00fc\u00e7 fazl\u0131 voltmetre, \u00fc\u00e7 fazl\u0131 ampermetre, tek fazl\u0131 programlanabilir ampermetre, ak\u0131ll\u0131 g\u00fc\u00e7 \u00f6l\u00e7er, a\u015f\u0131r\u0131 gerilim koruyucusu, \u00e7ift g\u00fc\u00e7 otomatik transfer anahtar\u0131<\/p>\t\t\t\t\t\t\t\t<\/div>\n\t\t\t\t<\/div>\n\t\t\t\t<\/div>\n\t\t<div class=\"elementor-element elementor-element-bcc12e6 e-con-full e-flex e-con e-child\" data-id=\"bcc12e6\" data-element_type=\"container\">\n\t\t\t\t<div class=\"elementor-element elementor-element-6c2770b elementor-widget elementor-widget-image\" data-id=\"6c2770b\" data-element_type=\"widget\" data-widget_type=\"image.default\">\n\t\t\t\t<div class=\"elementor-widget-container\">\n\t\t\t\t\t\t\t\t\t\t\t\t\t\t\t<img fetchpriority=\"high\" decoding=\"async\" width=\"1024\" height=\"768\" src=\"https:\/\/tokeep.net\/wp-content\/uploads\/2025\/11\/2-1024x768.webp\" class=\"attachment-large size-large wp-image-7395\" alt=\"Ark Hatas\u0131 Tespit Cihazlar\u0131\" srcset=\"https:\/\/tokeep.net\/wp-content\/uploads\/2025\/11\/2-1024x768.webp 1024w, https:\/\/tokeep.net\/wp-content\/uploads\/2025\/11\/2-300x225.webp 300w, https:\/\/tokeep.net\/wp-content\/uploads\/2025\/11\/2-768x576.webp 768w, https:\/\/tokeep.net\/wp-content\/uploads\/2025\/11\/2-16x12.webp 16w, https:\/\/tokeep.net\/wp-content\/uploads\/2025\/11\/2.webp 1200w\" sizes=\"(max-width: 1024px) 100vw, 1024px\" \/>\t\t\t\t\t\t\t\t\t\t\t\t\t\t\t<\/div>\n\t\t\t\t<\/div>\n\t\t\t\t<\/div>\n\t\t\t\t\t<\/div>\n\t\t\t\t<\/div>\n\t\t<div class=\"elementor-element elementor-element-b0852fd e-flex e-con-boxed e-con e-parent\" data-id=\"b0852fd\" data-element_type=\"container\">\n\t\t\t\t\t<div class=\"e-con-inner\">\n\t\t<div class=\"elementor-element elementor-element-5ae094c e-con-full e-flex e-con e-child\" data-id=\"5ae094c\" data-element_type=\"container\">\n\t\t\t\t<div class=\"elementor-element elementor-element-0df28f1 elementor-widget elementor-widget-image\" data-id=\"0df28f1\" data-element_type=\"widget\" data-widget_type=\"image.default\">\n\t\t\t\t<div class=\"elementor-widget-container\">\n\t\t\t\t\t\t\t\t\t\t\t\t\t\t\t<img decoding=\"async\" width=\"700\" height=\"650\" src=\"https:\/\/tokeep.net\/wp-content\/uploads\/2025\/11\/650-600.jpg\" class=\"attachment-large size-large wp-image-7547\" alt=\"\" srcset=\"https:\/\/tokeep.net\/wp-content\/uploads\/2025\/11\/650-600.jpg 700w, https:\/\/tokeep.net\/wp-content\/uploads\/2025\/11\/650-600-300x279.jpg 300w, https:\/\/tokeep.net\/wp-content\/uploads\/2025\/11\/650-600-13x12.jpg 13w\" sizes=\"(max-width: 700px) 100vw, 700px\" \/>\t\t\t\t\t\t\t\t\t\t\t\t\t\t\t<\/div>\n\t\t\t\t<\/div>\n\t\t\t\t<\/div>\n\t\t<div class=\"elementor-element elementor-element-7ce5b4a e-con-full e-flex e-con e-child\" data-id=\"7ce5b4a\" data-element_type=\"container\">\n\t\t\t\t<div class=\"elementor-element elementor-element-89f6eaa elementor-widget elementor-widget-heading\" data-id=\"89f6eaa\" data-element_type=\"widget\" data-widget_type=\"heading.default\">\n\t\t\t\t<div class=\"elementor-widget-container\">\n\t\t\t\t\t<h2 class=\"elementor-heading-title elementor-size-default\">Kurumsal k\u00fclt\u00fcr<\/h2>\t\t\t\t<\/div>\n\t\t\t\t<\/div>\n\t\t\t\t<div class=\"elementor-element elementor-element-b94cf74 elementor-widget elementor-widget-text-editor\" data-id=\"b94cf74\" data-element_type=\"widget\" data-widget_type=\"text-editor.default\">\n\t\t\t\t<div class=\"elementor-widget-container\">\n\t\t\t\t\t\t\t\t\t<p><strong>Vizyon<\/strong>: Teknolojik ilerlemeyi y\u00f6nlendiren ve g\u00fcvenli, verimli bir elektrik ortam\u0131 sa\u011flayan y\u00fcksek kaliteli \u00e7\u00f6z\u00fcmler sunarak ak\u0131ll\u0131 elektronik alan\u0131nda lider bir yenilik\u00e7i olmak.<\/p><p><strong>G\u00f6rev<\/strong>: Profesyonel teknoloji ile topluma hizmet etmek, inovasyon ile g\u00fcvenli\u011fi sa\u011flamak, kalite ile g\u00fcven kazanmak ve sekt\u00f6re de\u011fer katmak.<\/p><p><strong>Temel De\u011ferler<\/strong>: Yenilik\u00e7ilik, Kalite, \u00d6nce M\u00fc\u015fteri, Sorumluluk.<\/p><p><strong>Kurumsal Ruh<\/strong>: G\u00fcvenilir \u00fcr\u00fcnler yaratmak, ak\u0131ll\u0131 teknolojiye odaklanmak ve yeni end\u00fcstri yollar\u0131n\u0131 ke\u015ffetmek.<\/p><p><strong>K\u00fclt\u00fcr<\/strong>: \u0130nsan odakl\u0131, kazan-kazan i\u015fbirli\u011fi, s\u00fcrekli geli\u015fim.<\/p><p><strong>Sosyal Sorumluluk<\/strong>: \u00c7evrenin korunmas\u0131n\u0131 ve elektrik g\u00fcvenli\u011fini te\u015fvik etmek ve teknik destek ve e\u011fitim sunmak<\/p>\t\t\t\t\t\t\t\t<\/div>\n\t\t\t\t<\/div>\n\t\t\t\t<\/div>\n\t\t\t\t\t<\/div>\n\t\t\t\t<\/div>\n\t\t<div class=\"elementor-element elementor-element-893a3f8 e-flex e-con-boxed e-con e-parent\" data-id=\"893a3f8\" data-element_type=\"container\">\n\t\t\t\t\t<div class=\"e-con-inner\">\n\t\t\t\t<div class=\"elementor-element elementor-element-c1c550a elementor-widget elementor-widget-heading\" data-id=\"c1c550a\" data-element_type=\"widget\" data-widget_type=\"heading.default\">\n\t\t\t\t<div class=\"elementor-widget-container\">\n\t\t\t\t\t<h2 class=\"elementor-heading-title elementor-size-default\">ELEJG Eiectric Teknolojisinin Kilometre Ta\u015flar\u0131 <\/h2>\t\t\t\t<\/div>\n\t\t\t\t<\/div>\n\t\t\t\t<div class=\"elementor-element elementor-element-4b87aa7 elementor-widget-divider--view-line elementor-widget elementor-widget-divider\" data-id=\"4b87aa7\" data-element_type=\"widget\" data-widget_type=\"divider.default\">\n\t\t\t\t<div class=\"elementor-widget-container\">\n\t\t\t\t\t\t\t<div class=\"elementor-divider\">\n\t\t\t<span class=\"elementor-divider-separator\">\n\t\t\t\t\t\t<\/span>\n\t\t<\/div>\n\t\t\t\t\t\t<\/div>\n\t\t\t\t<\/div>\n\t\t\t\t\t<\/div>\n\t\t\t\t<\/div>\n\t\t<div class=\"elementor-element elementor-element-c138f90 e-flex e-con-boxed e-con e-parent\" data-id=\"c138f90\" data-element_type=\"container\">\n\t\t\t\t\t<div class=\"e-con-inner\">\n\t\t\t\t<div class=\"elementor-element elementor-element-060ac3e elementor-widget elementor-widget-bdt-timeline\" data-id=\"060ac3e\" data-element_type=\"widget\" data-widget_type=\"bdt-timeline.default\">\n\t\t\t\t<div class=\"elementor-widget-container\">\n\t\t\t\t\t\t\t<div id=\"bdt-timeline-060ac3e\" class=\"bdt-timeline bdt-timeline-skin-default bdt-timeline-center\">\n\t\t\t<div class=\"bdt-grid bdt-grid-collapse\" bdt-grid>\n\t\t\t\t\n\n\t\t\t\t\t<div\n\t\t\t\t\t\tclass=\"bdt-width-1-2@m bdt-timeline-item left-part\">\n\n\t\t\t\t\t\t<div class=\"bdt-timeline-item-main-wrapper\">\n\t\t\t\t\t\t\t<div class=\"bdt-timeline-line\">\n\t\t\t\t\t\t\t\t<span ><\/span>\n\t\t\t\t\t\t\t<\/div>\n\t\t\t\t\t\t\t<div class=\"bdt-timeline-item-main-container\">\n\t\t\t\t\t\t\t\t\n\t\t\t\t\t\t\t\t<div class=\"bdt-timeline-icon\" >\n\n\t\t\t\t\t\t\t\t\t<span>\n\n\t\t\t\t\t\t\t\t\t\t\t\t\t\t\t\t\t\t\t\t\t<i aria-hidden=\"true\" class=\"fas fa-file-alt\"><\/i>\t\t\t\t\t\t\t\t\t\t\n\t\t\t\t\t\t\t\t\t<\/span>\n\n\t\t\t\t\t\t\t\t<\/div>\n\t\t\t\t\t\t\t\t\t\t<div class=\"bdt-timeline-item-main elementor-repeater-item-0090ba7\" >\n\t\t\t<span class=\"bdt-timeline-arrow\"><\/span>\n\n\t\t\t\n\t\t\t<div class=\"bdt-timeline-desc bdt-padding\">\n\t\t\t\t\t\t<h4\t\t\tclass=\"bdt-timeline-title\">\n\t\t\t\t\t\t\t<span>\n\t\t\t\t\t2022: K\u00fcresel Geni\u015fleme ve Marka B\u00fcy\u00fcmesi\t\t\t\t<\/span>\n\t\t\t\t\t<\/h4>\n\t\t\t\t\t\t\t\t\t\t\t\t\t<div class=\"bdt-timeline-excerpt\">\n\t\t\t\t<p>\u015eirket, 2022 y\u0131l\u0131nda uluslararas\u0131 alanda geni\u015fleyerek markas\u0131n\u0131 g\u00fc\u00e7lendirdi ve enerji, demiryolu ve k\u00f6m\u00fcr sekt\u00f6rlerinde tan\u0131n\u0131rl\u0131k kazand\u0131.<\/p>\t\t\t<\/div>\n\t\t\t\t\t\t\t\t\t\t<\/div>\n\t\t<\/div>\n\t\t\t\t\t\t\t\t\t<\/div>\n\t\t\t\t\t\t<\/div>\n\t\t\t\t\t<\/div>\n\n\t\t\t\t\t\t\t\t\t\t\t\t\t<div class=\"bdt-timeline-item bdt-width-1-2@m bdt-visible@m\">\n\t\t\t<div class=\"bdt-timeline-date bdt-text-\" >\n\t\t\t\t<span>\n\t\t\t\t\t2022.02\t\t\t\t<\/span>\n\t\t\t<\/div>\n\t\t<\/div>\n\t\t\t\t\t\t\t\n\t\t\t\t\t\t\t\t\t\t\t\t<div class=\"bdt-timeline-item bdt-width-1-2@m bdt-visible@m\">\n\t\t\t<div class=\"bdt-timeline-date bdt-text-right\" >\n\t\t\t\t<span>\n\t\t\t\t\t2018.03\t\t\t\t<\/span>\n\t\t\t<\/div>\n\t\t<\/div>\n\t\t\t\t\t\t\t\n\n\t\t\t\t\t<div\n\t\t\t\t\t\tclass=\"bdt-width-1-2@m bdt-timeline-item right-part\">\n\n\t\t\t\t\t\t<div class=\"bdt-timeline-item-main-wrapper\">\n\t\t\t\t\t\t\t<div class=\"bdt-timeline-line\">\n\t\t\t\t\t\t\t\t<span ><\/span>\n\t\t\t\t\t\t\t<\/div>\n\t\t\t\t\t\t\t<div class=\"bdt-timeline-item-main-container\">\n\t\t\t\t\t\t\t\t\n\t\t\t\t\t\t\t\t<div class=\"bdt-timeline-icon\" >\n\n\t\t\t\t\t\t\t\t\t<span>\n\n\t\t\t\t\t\t\t\t\t\t\t\t\t\t\t\t\t\t\t\t\t<i aria-hidden=\"true\" class=\"fas fa-file-alt\"><\/i>\t\t\t\t\t\t\t\t\t\t\n\t\t\t\t\t\t\t\t\t<\/span>\n\n\t\t\t\t\t\t\t\t<\/div>\n\t\t\t\t\t\t\t\t\t\t<div class=\"bdt-timeline-item-main elementor-repeater-item-cc22179\" >\n\t\t\t<span class=\"bdt-timeline-arrow\"><\/span>\n\n\t\t\t\n\t\t\t<div class=\"bdt-timeline-desc bdt-padding\">\n\t\t\t\t\t\t<h4\t\t\tclass=\"bdt-timeline-title\">\n\t\t\t\t\t\t\t<span>\n\t\t\t\t\t2018: Kalite Belgelendirmesi\t\t\t\t<\/span>\n\t\t\t\t\t<\/h4>\n\t\t\t\t\t\t\t\t\t\t\t\t\t<div class=\"bdt-timeline-excerpt\">\n\t\t\t\t<p>ELEJG Jiangguang Electric, 2018 y\u0131l\u0131nda ak\u0131ll\u0131, mod\u00fcler \u00fcr\u00fcn tasar\u0131mlar\u0131na y\u00f6nelerek rekabet g\u00fcc\u00fcn\u00fc art\u0131rmak i\u00e7in ak\u0131ll\u0131 saya\u00e7lar\u0131 ve \u00e7ift g\u00fc\u00e7 aktar\u0131m anahtarlar\u0131n\u0131 piyasaya s\u00fcrd\u00fc.<\/p>\t\t\t<\/div>\n\t\t\t\t\t\t\t\t\t\t<\/div>\n\t\t<\/div>\n\t\t\t\t\t\t\t\t\t<\/div>\n\t\t\t\t\t\t<\/div>\n\t\t\t\t\t<\/div>\n\n\t\t\t\t\t\n\t\t\t\t\n\n\t\t\t\t\t<div\n\t\t\t\t\t\tclass=\"bdt-width-1-2@m bdt-timeline-item left-part\">\n\n\t\t\t\t\t\t<div class=\"bdt-timeline-item-main-wrapper\">\n\t\t\t\t\t\t\t<div class=\"bdt-timeline-line\">\n\t\t\t\t\t\t\t\t<span ><\/span>\n\t\t\t\t\t\t\t<\/div>\n\t\t\t\t\t\t\t<div class=\"bdt-timeline-item-main-container\">\n\t\t\t\t\t\t\t\t\n\t\t\t\t\t\t\t\t<div class=\"bdt-timeline-icon\" >\n\n\t\t\t\t\t\t\t\t\t<span>\n\n\t\t\t\t\t\t\t\t\t\t\t\t\t\t\t\t\t\t\t\t\t<i aria-hidden=\"true\" class=\"fas fa-file-alt\"><\/i>\t\t\t\t\t\t\t\t\t\t\n\t\t\t\t\t\t\t\t\t<\/span>\n\n\t\t\t\t\t\t\t\t<\/div>\n\t\t\t\t\t\t\t\t\t\t<div class=\"bdt-timeline-item-main elementor-repeater-item-05c80b9\" >\n\t\t\t<span class=\"bdt-timeline-arrow\"><\/span>\n\n\t\t\t\n\t\t\t<div class=\"bdt-timeline-desc bdt-padding\">\n\t\t\t\t\t\t<h4\t\t\tclass=\"bdt-timeline-title\">\n\t\t\t\t\t\t\t<span>\n\t\t\t\t\t2016: Geni\u015fleme ve \u00dcr\u00fcn Kalitesi\t\t\t\t<\/span>\n\t\t\t\t\t<\/h4>\n\t\t\t\t\t\t\t\t\t\t\t\t\t<div class=\"bdt-timeline-excerpt\">\n\t\t\t\t<p>\u00dcst d\u00fczey yetenekler tan\u0131t\u0131ld\u0131 ve inovasyon yetenekleri g\u00fc\u00e7lendirildi.<\/p>\t\t\t<\/div>\n\t\t\t\t\t\t\t\t\t\t<\/div>\n\t\t<\/div>\n\t\t\t\t\t\t\t\t\t<\/div>\n\t\t\t\t\t\t<\/div>\n\t\t\t\t\t<\/div>\n\n\t\t\t\t\t\t\t\t\t\t\t\t\t<div class=\"bdt-timeline-item bdt-width-1-2@m bdt-visible@m\">\n\t\t\t<div class=\"bdt-timeline-date bdt-text-\" >\n\t\t\t\t<span>\n\t\t\t\t\t2016.02\t\t\t\t<\/span>\n\t\t\t<\/div>\n\t\t<\/div>\n\t\t\t\t\t\t\t\n\t\t\t\t\t\t\t\t\t\t\t\t<div class=\"bdt-timeline-item bdt-width-1-2@m bdt-visible@m\">\n\t\t\t<div class=\"bdt-timeline-date bdt-text-right\" >\n\t\t\t\t<span>\n\t\t\t\t\t2015.03\t\t\t\t<\/span>\n\t\t\t<\/div>\n\t\t<\/div>\n\t\t\t\t\t\t\t\n\n\t\t\t\t\t<div\n\t\t\t\t\t\tclass=\"bdt-width-1-2@m bdt-timeline-item right-part\">\n\n\t\t\t\t\t\t<div class=\"bdt-timeline-item-main-wrapper\">\n\t\t\t\t\t\t\t<div class=\"bdt-timeline-line\">\n\t\t\t\t\t\t\t\t<span ><\/span>\n\t\t\t\t\t\t\t<\/div>\n\t\t\t\t\t\t\t<div class=\"bdt-timeline-item-main-container\">\n\t\t\t\t\t\t\t\t\n\t\t\t\t\t\t\t\t<div class=\"bdt-timeline-icon\" >\n\n\t\t\t\t\t\t\t\t\t<span>\n\n\t\t\t\t\t\t\t\t\t\t\t\t\t\t\t\t\t\t\t\t\t<i aria-hidden=\"true\" class=\"fas fa-file-alt\"><\/i>\t\t\t\t\t\t\t\t\t\t\n\t\t\t\t\t\t\t\t\t<\/span>\n\n\t\t\t\t\t\t\t\t<\/div>\n\t\t\t\t\t\t\t\t\t\t<div class=\"bdt-timeline-item-main elementor-repeater-item-dc36e82\" >\n\t\t\t<span class=\"bdt-timeline-arrow\"><\/span>\n\n\t\t\t\n\t\t\t<div class=\"bdt-timeline-desc bdt-padding\">\n\t\t\t\t\t\t<h4\t\t\tclass=\"bdt-timeline-title\">\n\t\t\t\t\t\t\t<span>\n\t\t\t\t\t2015.03: Yeni \u00fcr\u00fcn lansman\u0131\t\t\t\t<\/span>\n\t\t\t\t\t<\/h4>\n\t\t\t\t\t\t\t\t\t\t\t\t\t<div class=\"bdt-timeline-excerpt\">\n\t\t\t\t<p>Kontrol ve koruma anahtar\u0131 (motor koruyucu) sertifikaland\u0131r\u0131lm\u0131\u015f ve ba\u015far\u0131yla piyasaya s\u00fcr\u00fclm\u00fc\u015ft\u00fcr ve \u00e7ok say\u0131da m\u00fc\u015fteri taraf\u0131ndan sevilmektedir\u3002<\/p>\t\t\t<\/div>\n\t\t\t\t\t\t\t\t\t\t<\/div>\n\t\t<\/div>\n\t\t\t\t\t\t\t\t\t<\/div>\n\t\t\t\t\t\t<\/div>\n\t\t\t\t\t<\/div>\n\n\t\t\t\t\t\n\t\t\t\t\n\n\t\t\t\t\t<div\n\t\t\t\t\t\tclass=\"bdt-width-1-2@m bdt-timeline-item left-part\">\n\n\t\t\t\t\t\t<div class=\"bdt-timeline-item-main-wrapper\">\n\t\t\t\t\t\t\t<div class=\"bdt-timeline-line\">\n\t\t\t\t\t\t\t\t<span ><\/span>\n\t\t\t\t\t\t\t<\/div>\n\t\t\t\t\t\t\t<div class=\"bdt-timeline-item-main-container\">\n\t\t\t\t\t\t\t\t\n\t\t\t\t\t\t\t\t<div class=\"bdt-timeline-icon\" >\n\n\t\t\t\t\t\t\t\t\t<span>\n\n\t\t\t\t\t\t\t\t\t\t\t\t\t\t\t\t\t\t\t\t\t<i aria-hidden=\"true\" class=\"fas fa-file-alt\"><\/i>\t\t\t\t\t\t\t\t\t\t\n\t\t\t\t\t\t\t\t\t<\/span>\n\n\t\t\t\t\t\t\t\t<\/div>\n\t\t\t\t\t\t\t\t\t\t<div class=\"bdt-timeline-item-main elementor-repeater-item-9b197dc\" >\n\t\t\t<span class=\"bdt-timeline-arrow\"><\/span>\n\n\t\t\t\n\t\t\t<div class=\"bdt-timeline-desc bdt-padding\">\n\t\t\t\t\t\t<h4\t\t\tclass=\"bdt-timeline-title\">\n\t\t\t\t\t\t\t<span>\n\t\t\t\t\t2014.08: Yeni \u00fcr\u00fcn lansman\u0131\t\t\t\t<\/span>\n\t\t\t\t\t<\/h4>\n\t\t\t\t\t\t\t\t\t\t\t\t\t<div class=\"bdt-timeline-excerpt\">\n\t\t\t\t<p>Tek fazl\u0131 ve \u00fc\u00e7 fazl\u0131 d\u00f6rt telli otomatik s\u0131f\u0131rlamal\u0131 a\u015f\u0131r\u0131 gerilim ve d\u00fc\u015f\u00fck gerilim koruyucular\u0131 piyasaya s\u00fcr\u00fcld\u00fc<\/p>\t\t\t<\/div>\n\t\t\t\t\t\t\t\t\t\t<\/div>\n\t\t<\/div>\n\t\t\t\t\t\t\t\t\t<\/div>\n\t\t\t\t\t\t<\/div>\n\t\t\t\t\t<\/div>\n\n\t\t\t\t\t\t\t\t\t\t\t\t\t<div class=\"bdt-timeline-item bdt-width-1-2@m bdt-visible@m\">\n\t\t\t<div class=\"bdt-timeline-date bdt-text-\" >\n\t\t\t\t<span>\n\t\t\t\t\t2015.08\t\t\t\t<\/span>\n\t\t\t<\/div>\n\t\t<\/div>\n\t\t\t\t\t\t\t\n\t\t\t\t\t\t\t\t\t\t\t\t<div class=\"bdt-timeline-item bdt-width-1-2@m bdt-visible@m\">\n\t\t\t<div class=\"bdt-timeline-date bdt-text-right\" >\n\t\t\t\t<span>\n\t\t\t\t\t2014.06\t\t\t\t<\/span>\n\t\t\t<\/div>\n\t\t<\/div>\n\t\t\t\t\t\t\t\n\n\t\t\t\t\t<div\n\t\t\t\t\t\tclass=\"bdt-width-1-2@m bdt-timeline-item right-part\">\n\n\t\t\t\t\t\t<div class=\"bdt-timeline-item-main-wrapper\">\n\t\t\t\t\t\t\t<div class=\"bdt-timeline-line\">\n\t\t\t\t\t\t\t\t<span ><\/span>\n\t\t\t\t\t\t\t<\/div>\n\t\t\t\t\t\t\t<div class=\"bdt-timeline-item-main-container\">\n\t\t\t\t\t\t\t\t\n\t\t\t\t\t\t\t\t<div class=\"bdt-timeline-icon\" >\n\n\t\t\t\t\t\t\t\t\t<span>\n\n\t\t\t\t\t\t\t\t\t\t\t\t\t\t\t\t\t\t\t\t\t<i aria-hidden=\"true\" class=\"fas fa-file-alt\"><\/i>\t\t\t\t\t\t\t\t\t\t\n\t\t\t\t\t\t\t\t\t<\/span>\n\n\t\t\t\t\t\t\t\t<\/div>\n\t\t\t\t\t\t\t\t\t\t<div class=\"bdt-timeline-item-main elementor-repeater-item-9895254\" >\n\t\t\t<span class=\"bdt-timeline-arrow\"><\/span>\n\n\t\t\t\n\t\t\t<div class=\"bdt-timeline-desc bdt-padding\">\n\t\t\t\t\t\t<h4\t\t\tclass=\"bdt-timeline-title\">\n\t\t\t\t\t\t\t<span>\n\t\t\t\t\t2014.06: Kurulu\u015f ve Erken \u0130novasyon\t\t\t\t<\/span>\n\t\t\t\t\t<\/h4>\n\t\t\t\t\t\t\t\t\t\t\t\t\t<div class=\"bdt-timeline-excerpt\">\n\t\t\t\t<p>2014 y\u0131l\u0131nda kurulan Jiangguang Electric, ak\u0131ll\u0131 elektrikli \u00fcr\u00fcnleri ara\u015ft\u0131rmaya ve tasarlamaya odaklanarak sekt\u00f6rde h\u0131zla tan\u0131n\u0131rl\u0131k kazanm\u0131\u015ft\u0131r.<\/p>\t\t\t<\/div>\n\t\t\t\t\t\t\t\t\t\t<\/div>\n\t\t<\/div>\n\t\t\t\t\t\t\t\t\t<\/div>\n\t\t\t\t\t\t<\/div>\n\t\t\t\t\t<\/div>\n\n\t\t\t\t\t\n\t\t\t\t\n\t\t\t\t\n\t\t\t<\/div>\n\t\t<\/div>\n\t\t\t\t\t\t<\/div>\n\t\t\t\t<\/div>\n\t\t\t\t\t<\/div>\n\t\t\t\t<\/div>\n\t\t\t\t<\/div>","protected":false},"excerpt":{"rendered":"<p>about us About US Brief introduction \u00a0 \u00a0 \u00a0 \u00a0 Wenzhou Jiangguang Electric Technology Co., Ltd. (referred to as Jiangguang Electric) is a company that focuses on the research, design, production, and service of intelligent electronic appliances. Standardization, modularization, and intelligence are the development directions of the company\u2019s product design. The products have more advantages, [&hellip;]<\/p>","protected":false},"author":1,"featured_media":0,"parent":0,"menu_order":0,"comment_status":"closed","ping_status":"closed","template":"","meta":{"_acf_changed":false,"site-sidebar-layout":"no-sidebar","site-content-layout":"page-builder","ast-site-content-layout":"default","site-content-style":"default","site-sidebar-style":"default","ast-global-header-display":"","ast-banner-title-visibility":"","ast-main-header-display":"","ast-hfb-above-header-display":"","ast-hfb-below-header-display":"","ast-hfb-mobile-header-display":"","site-post-title":"disabled","ast-breadcrumbs-content":"","ast-featured-img":"disabled","footer-sml-layout":"","theme-transparent-header-meta":"enabled","adv-header-id-meta":"","stick-header-meta":"","header-above-stick-meta":"","header-main-stick-meta":"","header-below-stick-meta":"","astra-migrate-meta-layouts":"default","ast-page-background-enabled":"default","ast-page-background-meta":{"desktop":{"background-color":"var(--ast-global-color-4)","background-image":"","background-repeat":"repeat","background-position":"center center","background-size":"auto","background-attachment":"scroll","background-type":"","background-media":"","overlay-type":"","overlay-color":"","overlay-opacity":"","overlay-gradient":""},"tablet":{"background-color":"","background-image":"","background-repeat":"repeat","background-position":"center center","background-size":"auto","background-attachment":"scroll","background-type":"","background-media":"","overlay-type":"","overlay-color":"","overlay-opacity":"","overlay-gradient":""},"mobile":{"background-color":"","background-image":"","background-repeat":"repeat","background-position":"center center","background-size":"auto","background-attachment":"scroll","background-type":"","background-media":"","overlay-type":"","overlay-color":"","overlay-opacity":"","overlay-gradient":""}},"ast-content-background-meta":{"desktop":{"background-color":"var(--ast-global-color-5)","background-image":"","background-repeat":"repeat","background-position":"center center","background-size":"auto","background-attachment":"scroll","background-type":"","background-media":"","overlay-type":"","overlay-color":"","overlay-opacity":"","overlay-gradient":""},"tablet":{"background-color":"var(--ast-global-color-5)","background-image":"","background-repeat":"repeat","background-position":"center center","background-size":"auto","background-attachment":"scroll","background-type":"","background-media":"","overlay-type":"","overlay-color":"","overlay-opacity":"","overlay-gradient":""},"mobile":{"background-color":"var(--ast-global-color-5)","background-image":"","background-repeat":"repeat","background-position":"center center","background-size":"auto","background-attachment":"scroll","background-type":"","background-media":"","overlay-type":"","overlay-color":"","overlay-opacity":"","overlay-gradient":""}},"footnotes":"","_seo_title":"","_seo_keywords":"voltage protector, surge protector, LCD D85-20","_seo_description":"Wenzhou Jiangguang Electric Technology Co., Ltd. (referred to as Jiangguang Electric ELEJG) is a company that focuses on the research, design,"},"class_list":["post-6867","page","type-page","status-publish","hentry"],"acf":[],"seo_title":"","seo_keywords":"voltage protector, surge protector, LCD D85-20","seo_description":"Wenzhou Jiangguang Electric Technology Co., Ltd. (referred to as Jiangguang Electric ELEJG) is a company that focuses on the research, design,","seo_score":0,"_links":{"self":[{"href":"https:\/\/tokeep.net\/tr\/wp-json\/wp\/v2\/pages\/6867","targetHints":{"allow":["GET"]}}],"collection":[{"href":"https:\/\/tokeep.net\/tr\/wp-json\/wp\/v2\/pages"}],"about":[{"href":"https:\/\/tokeep.net\/tr\/wp-json\/wp\/v2\/types\/page"}],"author":[{"embeddable":true,"href":"https:\/\/tokeep.net\/tr\/wp-json\/wp\/v2\/users\/1"}],"replies":[{"embeddable":true,"href":"https:\/\/tokeep.net\/tr\/wp-json\/wp\/v2\/comments?post=6867"}],"version-history":[{"count":0,"href":"https:\/\/tokeep.net\/tr\/wp-json\/wp\/v2\/pages\/6867\/revisions"}],"wp:attachment":[{"href":"https:\/\/tokeep.net\/tr\/wp-json\/wp\/v2\/media?parent=6867"}],"curies":[{"name":"wp","href":"https:\/\/api.w.org\/{rel}","templated":true}]}}